{"id":758,"date":"2026-03-28T06:50:08","date_gmt":"2026-03-28T06:50:08","guid":{"rendered":"https:\/\/nilyx.mx\/?page_id=758"},"modified":"2026-03-28T09:05:15","modified_gmt":"2026-03-28T09:05:15","slug":"servicios","status":"publish","type":"page","link":"https:\/\/nilyx.mx\/?page_id=758","title":{"rendered":"SERVICIOS"},"content":{"rendered":"\t\t<div data-elementor-type=\"wp-page\" data-elementor-id=\"758\" class=\"elementor elementor-758\">\n\t\t\t\t<div class=\"elementor-element elementor-element-078c74a e-flex e-con-boxed e-con e-parent\" data-id=\"078c74a\" data-element_type=\"container\" data-e-type=\"container\">\n\t\t\t\t\t<div class=\"e-con-inner\">\n\t\t\t\t<div class=\"elementor-element elementor-element-bfe3b20 elementor-widget elementor-widget-image\" data-id=\"bfe3b20\" data-element_type=\"widget\" data-e-type=\"widget\" data-widget_type=\"image.default\">\n\t\t\t\t\t\t\t\t\t\t\t\t\t\t\t<img fetchpriority=\"high\" decoding=\"async\" width=\"960\" height=\"640\" src=\"https:\/\/nilyx.mx\/wp-content\/uploads\/2026\/03\/dplnews_servicios-ti_mc130722.jpeg\" class=\"attachment-full size-full wp-image-799\" alt=\"\" srcset=\"https:\/\/nilyx.mx\/wp-content\/uploads\/2026\/03\/dplnews_servicios-ti_mc130722.jpeg 960w, https:\/\/nilyx.mx\/wp-content\/uploads\/2026\/03\/dplnews_servicios-ti_mc130722-300x200.jpeg 300w, https:\/\/nilyx.mx\/wp-content\/uploads\/2026\/03\/dplnews_servicios-ti_mc130722-768x512.jpeg 768w\" sizes=\"(max-width: 960px) 100vw, 960px\" \/>\t\t\t\t\t\t\t\t\t\t\t\t\t\t\t<\/div>\n\t\t\t\t\t<\/div>\n\t\t\t\t<\/div>\n\t\t<div class=\"elementor-element elementor-element-f617257 e-flex e-con-boxed e-con e-parent\" data-id=\"f617257\" data-element_type=\"container\" data-e-type=\"container\">\n\t\t\t\t\t<div class=\"e-con-inner\">\n\t\t\t\t<div class=\"elementor-element elementor-element-ca9b10e elementor-widget elementor-widget-heading\" data-id=\"ca9b10e\" data-element_type=\"widget\" data-e-type=\"widget\" data-widget_type=\"heading.default\">\n\t\t\t\t\t<h2 class=\"elementor-heading-title elementor-size-default\"><span style=\"font-weight: bolder;font-family: Raleway;font-size: 35px;text-align: center\">VENTA DE PRODUCTOS Y SERVICIOS&nbsp; TI<\/span><\/h2>\t\t\t\t<\/div>\n\t\t\t\t\t<\/div>\n\t\t\t\t<\/div>\n\t\t<div class=\"elementor-element elementor-element-06069f0 e-grid e-con-boxed e-con e-parent\" data-id=\"06069f0\" data-element_type=\"container\" data-e-type=\"container\">\n\t\t\t\t\t<div class=\"e-con-inner\">\n\t\t\t\t<div class=\"elementor-element elementor-element-17715c8 elementor-widget elementor-widget-text-editor\" data-id=\"17715c8\" data-element_type=\"widget\" data-e-type=\"widget\" data-widget_type=\"text-editor.default\">\n\t\t\t\t\t\t\t\t\t<ul style=\"color: rgb(113, 124, 144); font-family: Raleway; background-color: rgb(255, 255, 255);\">\n<li>\n<h4 style=\"font-family: Raleway; margin-top: 0.5rem; margin-bottom: 1rem; font-size: 20px;\"><span style=\"font-weight: bolder;\">Hardware y Software.<\/span><\/h4>\n<\/li>\n<li>\n<h4 style=\"font-family: Raleway; margin-top: 0.5rem; margin-bottom: 1rem; font-size: 20px;\"><span style=\"font-weight: bolder;\">Equipo de Computo e Impresi\u00f3n.<\/span><\/h4>\n<\/li>\n<li>\n<h4 style=\"font-family: Raleway; margin-top: 0.5rem; margin-bottom: 1rem; font-size: 20px;\"><span style=\"font-weight: bolder;\">Refacciones y Accesorios.<\/span><\/h4>\n<\/li>\n<li>\n<h4 style=\"font-family: Raleway; margin-top: 0.5rem; margin-bottom: 1rem; font-size: 20px;\"><span style=\"font-weight: bolder;\">Servidores.<\/span><\/h4>\n<\/li>\n<li>\n<h4 style=\"font-family: Raleway; margin-top: 0.5rem; margin-bottom: 1rem; font-size: 20px;\"><span style=\"font-weight: bolder;\">Computadoras e Impresoras.<\/span><\/h4>\n<\/li>\n<li>\n<h4 style=\"font-family: Raleway; margin-top: 0.5rem; margin-bottom: 1rem; font-size: 20px;\"><span style=\"font-weight: bolder;\">Switches, firewall.<\/span><\/h4>\n<\/li>\n<li>\n<h4 style=\"font-family: Raleway; margin-top: 0.5rem; margin-bottom: 1rem; font-size: 20px;\"><span style=\"font-weight: bolder;\">Conmutadores y Cableado estructurado.<\/span><\/h4>\n<\/li>\n<li>\n<h4 style=\"font-family: Raleway; margin-top: 0.5rem; margin-bottom: 1rem; font-size: 20px;\"><span style=\"font-weight: bolder;\">Seguridad L\u00f3gica y F\u00edsica.<\/span><\/h4>\n<\/li>\n<li>\n<h4 style=\"font-family: Raleway; margin-top: 0.5rem; margin-bottom: 1rem; font-size: 20px;\"><span style=\"font-weight: bolder;\">C\u00e1maras de Video Vigilancia.<\/span><\/h4>\n<\/li>\n<\/ul>\t\t\t\t\t\t\t\t<\/div>\n\t\t\t\t<div class=\"elementor-element elementor-element-07c48fc elementor-widget elementor-widget-text-editor\" data-id=\"07c48fc\" data-element_type=\"widget\" data-e-type=\"widget\" data-widget_type=\"text-editor.default\">\n\t\t\t\t\t\t\t\t\t<ul style=\"color: rgb(113, 124, 144); font-family: Raleway; background-color: rgb(255, 255, 255);\">\n<li>\n<h4 style=\"font-family: Raleway; margin-top: 0.5rem; margin-bottom: 1rem; font-size: 20px;\">Sistemas Operativos.<\/h4>\n<\/li>\n<li>\n<h4 style=\"font-family: Raleway; margin-top: 0.5rem; margin-bottom: 1rem; font-size: 20px;\">Virtualizaci\u00f3n de Servidores, Aplicaciones y Escritorios.<\/h4>\n<\/li>\n<li>\n<h4 style=\"font-family: Raleway; margin-top: 0.5rem; margin-bottom: 1rem; font-size: 20px;\">Salas de Videoconferencia.<\/h4>\n<\/li>\n<li>\n<h4 style=\"font-family: Raleway; margin-top: 0.5rem; margin-bottom: 1rem; font-size: 20px;\">Conmutadores, cableado estructurado y video vigilancia.<\/h4>\n<\/li>\n<li>\n<h4 style=\"font-family: Raleway; margin-top: 0.5rem; margin-bottom: 1rem; font-size: 20px;\">Redes, Audio y Video.<\/h4>\n<\/li>\n<li>\n<h4 style=\"font-family: Raleway; margin-top: 0.5rem; margin-bottom: 1rem; font-size: 20px;\">Correo Electr\u00f3nico y Firewall.<\/h4>\n<\/li>\n<\/ul>\t\t\t\t\t\t\t\t<\/div>\n\t\t\t\t\t<\/div>\n\t\t\t\t<\/div>\n\t\t<div class=\"elementor-element elementor-element-a39c1fb e-flex e-con-boxed e-con e-parent\" data-id=\"a39c1fb\" data-element_type=\"container\" data-e-type=\"container\">\n\t\t\t\t\t<div class=\"e-con-inner\">\n\t\t\t\t<div class=\"elementor-element elementor-element-a2e6d6c elementor-widget elementor-widget-text-editor\" data-id=\"a2e6d6c\" data-element_type=\"widget\" data-e-type=\"widget\" data-widget_type=\"text-editor.default\">\n\t\t\t\t\t\t\t\t\t<ul style=\"color: rgb(113, 124, 144); font-family: Raleway; background-color: rgb(255, 255, 255);\">\n<li>\n<h4 style=\"font-family: Raleway; margin-top: 0.5rem; margin-bottom: 1rem; font-size: 20px;\">Assessment de red y Active Directory Seguridad de contenidos en redes.<\/h4>\n<\/li>\n<li>\n<h4 style=\"font-family: Raleway; margin-top: 0.5rem; margin-bottom: 1rem; font-size: 20px;\">Seguridad de aplicaciones, Arquitectura SAN y Respaldo de datos.<\/h4>\n<\/li>\n<li>\n<h4 style=\"font-family: Raleway; margin-top: 0.5rem; margin-bottom: 1rem; font-size: 20px;\">Seguridad perimetral en redes.<\/h4>\n<\/li>\n<li>\n<h4 style=\"font-family: Raleway; margin-top: 0.5rem; margin-bottom: 1rem; font-size: 20px;\">Videowall y Gesti\u00f3n de Video Grabaci\u00f3n de Video.<\/h4>\n<\/li>\n<li>\n<h4 style=\"font-family: Raleway; margin-top: 0.5rem; margin-bottom: 1rem; font-size: 20px;\">Broadcast (Audio, Video, UCR).<\/h4>\n<\/li>\n<\/ul>\t\t\t\t\t\t\t\t<\/div>\n\t\t\t\t\t<\/div>\n\t\t\t\t<\/div>\n\t\t\t\t<\/div>\n\t\t","protected":false},"excerpt":{"rendered":"<p>VENTA DE PRODUCTOS Y SERVICIOS&nbsp; TI Hardware y Software. Equipo de Computo e Impresi\u00f3n. Refacciones y Accesorios. Servidores. Computadoras e Impresoras. Switches, firewall. Conmutadores y Cableado estructurado. Seguridad L\u00f3gica y F\u00edsica. C\u00e1maras de Video Vigilancia. Sistemas Operativos. Virtualizaci\u00f3n de Servidores, Aplicaciones y Escritorios. Salas de Videoconferencia. Conmutadores, cableado estructurado y video vigilancia. Redes, Audio y [&hellip;]<\/p>\n","protected":false},"author":1,"featured_media":0,"parent":0,"menu_order":0,"comment_status":"closed","ping_status":"closed","template":"","meta":{"saved_in_kubio":false,"footnotes":""},"class_list":["post-758","page","type-page","status-publish","hentry"],"kubio_ai_page_context":{"short_desc":"","purpose":"general"},"_links":{"self":[{"href":"https:\/\/nilyx.mx\/index.php?rest_route=\/wp\/v2\/pages\/758","targetHints":{"allow":["GET"]}}],"collection":[{"href":"https:\/\/nilyx.mx\/index.php?rest_route=\/wp\/v2\/pages"}],"about":[{"href":"https:\/\/nilyx.mx\/index.php?rest_route=\/wp\/v2\/types\/page"}],"author":[{"embeddable":true,"href":"https:\/\/nilyx.mx\/index.php?rest_route=\/wp\/v2\/users\/1"}],"replies":[{"embeddable":true,"href":"https:\/\/nilyx.mx\/index.php?rest_route=%2Fwp%2Fv2%2Fcomments&post=758"}],"version-history":[{"count":18,"href":"https:\/\/nilyx.mx\/index.php?rest_route=\/wp\/v2\/pages\/758\/revisions"}],"predecessor-version":[{"id":838,"href":"https:\/\/nilyx.mx\/index.php?rest_route=\/wp\/v2\/pages\/758\/revisions\/838"}],"wp:attachment":[{"href":"https:\/\/nilyx.mx\/index.php?rest_route=%2Fwp%2Fv2%2Fmedia&parent=758"}],"curies":[{"name":"wp","href":"https:\/\/api.w.org\/{rel}","templated":true}]}}