{"id":756,"date":"2026-03-28T06:45:26","date_gmt":"2026-03-28T06:45:26","guid":{"rendered":"https:\/\/nilyx.mx\/?page_id=756"},"modified":"2026-03-28T07:24:56","modified_gmt":"2026-03-28T07:24:56","slug":"quienes-somos","status":"publish","type":"page","link":"https:\/\/nilyx.mx\/?page_id=756","title":{"rendered":"\u00bfQui\u00e9nes somos?"},"content":{"rendered":"\t\t<div data-elementor-type=\"wp-page\" data-elementor-id=\"756\" class=\"elementor elementor-756\">\n\t\t\t\t<div class=\"elementor-element elementor-element-2a18708 e-flex e-con-boxed e-con e-parent\" data-id=\"2a18708\" data-element_type=\"container\" data-e-type=\"container\">\n\t\t\t\t\t<div class=\"e-con-inner\">\n\t\t\t\t<div class=\"elementor-element elementor-element-2006c72 elementor-invisible elementor-widget elementor-widget-heading\" data-id=\"2006c72\" data-element_type=\"widget\" data-e-type=\"widget\" data-settings=\"{&quot;_animation&quot;:&quot;fadeInDown&quot;}\" data-widget_type=\"heading.default\">\n\t\t\t\t\t<h2 class=\"elementor-heading-title elementor-size-default\"><h2 style=\"font-family: Raleway;margin-top: 0.5rem;margin-bottom: 1rem;line-height: 1;font-size: 35px\"><span><span style=\"font-weight: bolder\">SOMOS PROVEEDORES ESPECIALIZADOS.<\/span><\/span><\/h2><h4 style=\"font-family: Raleway;margin-top: 0.5rem;margin-bottom: 1rem;font-size: 20px\"><span style=\"font-weight: bolder\">Computadoras, impresoras, servidores, almacenamiento, seguridad ,software, consumibles, refacciones y accesorios. No importa el tama\u00f1o del proyecto, importa que sabemos como hacerlo En materia de hardware, tenemos relaciones de negocio bien cimentadas con diversos fabricantes de la industria que nos permiten integrar ofertas diferenciadas altamente competitivas y complementarias entre s\u00ed, con el \u00fanico objetivo de resolver las necesidades de nuestros clientes sin importar el tama\u00f1o del requerimiento a cubrir.<\/span><\/h4><\/h2>\t\t\t\t<\/div>\n\t\t\t\t\t<\/div>\n\t\t\t\t<\/div>\n\t\t<div class=\"elementor-element elementor-element-00c1023 e-flex e-con-boxed e-con e-parent\" data-id=\"00c1023\" data-element_type=\"container\" data-e-type=\"container\">\n\t\t\t\t\t<div class=\"e-con-inner\">\n\t\t\t\t<div class=\"elementor-element elementor-element-c0c5b43 elementor-widget elementor-widget-image\" data-id=\"c0c5b43\" data-element_type=\"widget\" data-e-type=\"widget\" data-widget_type=\"image.default\">\n\t\t\t\t\t\t\t\t\t\t\t\t\t\t\t<img fetchpriority=\"high\" decoding=\"async\" width=\"1024\" height=\"574\" src=\"https:\/\/nilyx.mx\/wp-content\/uploads\/2026\/03\/\u2014Pngtree\u2014computer-store-with-many-computers_2759015-1024x574.jpg\" class=\"attachment-large size-large wp-image-781\" alt=\"\" srcset=\"https:\/\/nilyx.mx\/wp-content\/uploads\/2026\/03\/\u2014Pngtree\u2014computer-store-with-many-computers_2759015-1024x574.jpg 1024w, https:\/\/nilyx.mx\/wp-content\/uploads\/2026\/03\/\u2014Pngtree\u2014computer-store-with-many-computers_2759015-300x168.jpg 300w, https:\/\/nilyx.mx\/wp-content\/uploads\/2026\/03\/\u2014Pngtree\u2014computer-store-with-many-computers_2759015-768x430.jpg 768w, https:\/\/nilyx.mx\/wp-content\/uploads\/2026\/03\/\u2014Pngtree\u2014computer-store-with-many-computers_2759015-1536x861.jpg 1536w, https:\/\/nilyx.mx\/wp-content\/uploads\/2026\/03\/\u2014Pngtree\u2014computer-store-with-many-computers_2759015-2048x1148.jpg 2048w, https:\/\/nilyx.mx\/wp-content\/uploads\/2026\/03\/\u2014Pngtree\u2014computer-store-with-many-computers_2759015-1920x1076.jpg 1920w\" sizes=\"(max-width: 1024px) 100vw, 1024px\" \/>\t\t\t\t\t\t\t\t\t\t\t\t\t\t\t<\/div>\n\t\t\t\t\t<\/div>\n\t\t\t\t<\/div>\n\t\t\t\t<\/div>\n\t\t","protected":false},"excerpt":{"rendered":"<p>SOMOS PROVEEDORES ESPECIALIZADOS. Computadoras, impresoras, servidores, almacenamiento, seguridad ,software, consumibles, refacciones y accesorios. No importa el tama\u00f1o del proyecto, importa que sabemos como hacerlo En materia de hardware, tenemos relaciones de negocio bien cimentadas con diversos fabricantes de la industria que nos permiten integrar ofertas diferenciadas altamente competitivas y complementarias entre s\u00ed, con el \u00fanico [&hellip;]<\/p>\n","protected":false},"author":1,"featured_media":0,"parent":0,"menu_order":0,"comment_status":"closed","ping_status":"closed","template":"","meta":{"saved_in_kubio":false,"footnotes":""},"class_list":["post-756","page","type-page","status-publish","hentry"],"kubio_ai_page_context":{"short_desc":"","purpose":"general"},"_links":{"self":[{"href":"https:\/\/nilyx.mx\/index.php?rest_route=\/wp\/v2\/pages\/756","targetHints":{"allow":["GET"]}}],"collection":[{"href":"https:\/\/nilyx.mx\/index.php?rest_route=\/wp\/v2\/pages"}],"about":[{"href":"https:\/\/nilyx.mx\/index.php?rest_route=\/wp\/v2\/types\/page"}],"author":[{"embeddable":true,"href":"https:\/\/nilyx.mx\/index.php?rest_route=\/wp\/v2\/users\/1"}],"replies":[{"embeddable":true,"href":"https:\/\/nilyx.mx\/index.php?rest_route=%2Fwp%2Fv2%2Fcomments&post=756"}],"version-history":[{"count":3,"href":"https:\/\/nilyx.mx\/index.php?rest_route=\/wp\/v2\/pages\/756\/revisions"}],"predecessor-version":[{"id":791,"href":"https:\/\/nilyx.mx\/index.php?rest_route=\/wp\/v2\/pages\/756\/revisions\/791"}],"wp:attachment":[{"href":"https:\/\/nilyx.mx\/index.php?rest_route=%2Fwp%2Fv2%2Fmedia&parent=756"}],"curies":[{"name":"wp","href":"https:\/\/api.w.org\/{rel}","templated":true}]}}